{"id":18,"date":"2023-02-27T22:00:44","date_gmt":"2023-02-27T21:00:44","guid":{"rendered":"https:\/\/batuqueros.com\/?page_id=18"},"modified":"2023-05-10T16:41:57","modified_gmt":"2023-05-10T14:41:57","slug":"cuicas","status":"publish","type":"page","link":"https:\/\/batuqueros.com\/cuicas\/","title":{"rendered":"Cuicas"},"content":{"rendered":"\n<p><br>Las cuicas son un instrumento de percusi\u00f3n t\u00edpico de la m\u00fasica brasile\u00f1a, especialmente de la samba. Estos instrumentos est\u00e1n compuestos por un cuerpo de madera con una piel tensa en un extremo y un palo que se frota contra la piel para producir un sonido \u00fanico y distintivo.<\/p>\n\n\n\n<h2 class=\"wp-block-heading\">Ventajas de las Cuicas<\/h2>\n\n\n\n<ol class=\"wp-block-list\">\n<li>Sonido distintivo: las cuicas tienen un sonido \u00fanico y distintivo que se utiliza a menudo para agregar textura y ritmo a la m\u00fasica.<\/li>\n\n\n\n<li>F\u00e1cil de tocar: las cuicas son relativamente f\u00e1ciles de tocar y no requieren habilidades musicales avanzadas, lo que las hace accesibles para m\u00fasicos principiantes.<\/li>\n\n\n\n<li>Versatilidad: las cuicas se pueden usar en una amplia variedad de g\u00e9neros musicales, desde la samba hasta la m\u00fasica electr\u00f3nica.<\/li>\n\n\n\n<li>Tama\u00f1o compacto: las cuicas tienen un tama\u00f1o compacto, lo que las hace f\u00e1ciles de transportar y almacenar.<\/li>\n\n\n\n<li>Durabilidad: las cuicas est\u00e1n hechas con materiales resistentes y duraderos, lo que las hace ideales para uso frecuente y para resistir el desgaste del uso en presentaciones y desfiles.<\/li>\n\n\n\n<li>Complementa otros instrumentos: el sonido distintivo de las cuicas complementa a la perfecci\u00f3n otros instrumentos de percusi\u00f3n, como las caixas y los surdos, lo que las convierte en una adici\u00f3n esencial para cualquier grupo de batucada.<\/li>\n<\/ol>\n","protected":false},"excerpt":{"rendered":"<p>Las cuicas son un instrumento de percusi\u00f3n t\u00edpico de la m\u00fasica brasile\u00f1a, especialmente de la samba. Estos instrumentos est\u00e1n compuestos [&hellip;]<\/p>\n","protected":false},"author":1,"featured_media":0,"parent":0,"menu_order":0,"comment_status":"closed","ping_status":"open","template":"","meta":{"site-sidebar-layout":"default","site-content-layout":"","ast-site-content-layout":"default","site-content-style":"default","site-sidebar-style":"default","ast-global-header-display":"","ast-banner-title-visibility":"","ast-main-header-display":"","ast-hfb-above-header-display":"","ast-hfb-below-header-display":"","ast-hfb-mobile-header-display":"","site-post-title":"","ast-breadcrumbs-content":"","ast-featured-img":"","footer-sml-layout":"","ast-disable-related-posts":"","theme-transparent-header-meta":"","adv-header-id-meta":"","stick-header-meta":"","header-above-stick-meta":"","header-main-stick-meta":"","header-below-stick-meta":"","astra-migrate-meta-layouts":"default","ast-page-background-enabled":"default","ast-page-background-meta":{"desktop":{"background-color":"var(--ast-global-color-5)","background-image":"","background-repeat":"repeat","background-position":"center center","background-size":"auto","background-attachment":"scroll","background-type":"","background-media":"","overlay-type":"","overlay-color":"","overlay-opacity":"","overlay-gradient":""},"tablet":{"background-color":"","background-image":"","background-repeat":"repeat","background-position":"center center","background-size":"auto","background-attachment":"scroll","background-type":"","background-media":"","overlay-type":"","overlay-color":"","overlay-opacity":"","overlay-gradient":""},"mobile":{"background-color":"","background-image":"","background-repeat":"repeat","background-position":"center center","background-size":"auto","background-attachment":"scroll","background-type":"","background-media":"","overlay-type":"","overlay-color":"","overlay-opacity":"","overlay-gradient":""}},"ast-content-background-meta":{"desktop":{"background-color":"var(--ast-global-color-4)","background-image":"","background-repeat":"repeat","background-position":"center center","background-size":"auto","background-attachment":"scroll","background-type":"","background-media":"","overlay-type":"","overlay-color":"","overlay-opacity":"","overlay-gradient":""},"tablet":{"background-color":"var(--ast-global-color-4)","background-image":"","background-repeat":"repeat","background-position":"center center","background-size":"auto","background-attachment":"scroll","background-type":"","background-media":"","overlay-type":"","overlay-color":"","overlay-opacity":"","overlay-gradient":""},"mobile":{"background-color":"var(--ast-global-color-4)","background-image":"","background-repeat":"repeat","background-position":"center center","background-size":"auto","background-attachment":"scroll","background-type":"","background-media":"","overlay-type":"","overlay-color":"","overlay-opacity":"","overlay-gradient":""}},"footnotes":""},"class_list":["post-18","page","type-page","status-publish","hentry"],"aioseo_notices":[],"_links":{"self":[{"href":"https:\/\/batuqueros.com\/wp-json\/wp\/v2\/pages\/18","targetHints":{"allow":["GET"]}}],"collection":[{"href":"https:\/\/batuqueros.com\/wp-json\/wp\/v2\/pages"}],"about":[{"href":"https:\/\/batuqueros.com\/wp-json\/wp\/v2\/types\/page"}],"author":[{"embeddable":true,"href":"https:\/\/batuqueros.com\/wp-json\/wp\/v2\/users\/1"}],"replies":[{"embeddable":true,"href":"https:\/\/batuqueros.com\/wp-json\/wp\/v2\/comments?post=18"}],"version-history":[{"count":2,"href":"https:\/\/batuqueros.com\/wp-json\/wp\/v2\/pages\/18\/revisions"}],"predecessor-version":[{"id":92,"href":"https:\/\/batuqueros.com\/wp-json\/wp\/v2\/pages\/18\/revisions\/92"}],"wp:attachment":[{"href":"https:\/\/batuqueros.com\/wp-json\/wp\/v2\/media?parent=18"}],"curies":[{"name":"wp","href":"https:\/\/api.w.org\/{rel}","templated":true}]}}